{"id":1305,"date":"2020-03-11T11:45:35","date_gmt":"2020-03-11T10:45:35","guid":{"rendered":"http:\/\/info-ukt.unileoben.ac.at\/?page_id=1305"},"modified":"2022-05-01T15:06:05","modified_gmt":"2022-05-01T13:06:05","slug":"podcast-2","status":"publish","type":"page","link":"https:\/\/info-ukt.unileoben.ac.at\/index.php\/podcast-2\/","title":{"rendered":"Podcast"},"content":{"rendered":"\n<div class=\"wp-block-group\"><div class=\"wp-block-group__inner-container is-layout-flow wp-block-group-is-layout-flow\">\n<div class=\"wp-block-group\"><div class=\"wp-block-group__inner-container is-layout-flow wp-block-group-is-layout-flow\">\n<div class=\"wp-block-group alignwide\"><div class=\"wp-block-group__inner-container is-layout-flow wp-block-group-is-layout-flow\"><\/div><\/div>\n<\/div><\/div>\n\n\n\n<div class=\"wp-block-group\"><div class=\"wp-block-group__inner-container is-layout-flow wp-block-group-is-layout-flow\">\n<h2 class=\"wp-block-heading\">Der Montan IU Talk<\/h2>\n<\/div><\/div>\n<\/div><\/div>\n\n\n\n<p>Alle zwei Wochen findet ihr in unserem Podcast Wissenswertes und Neues \u00fcber aktuelle Forschungsprojekte unseres Studiums und der Montanuniversit\u00e4t Leoben. Stephan Lichtenegger f\u00fchrt als Moderator durch den Talk und hat immer wieder interessante Gespr\u00e4chspartner vor dem Mikro, die aus der faszinierenden Welt der Industriellen Umweltschutz- und Verfahrenstechnik berichten. Reinh\u00f6ren lohnt sich!<br><br><\/p>\n\n\n\n<div class=\"wp-block-media-text alignwide is-stacked-on-mobile\" style=\"grid-template-columns:48% auto\"><figure class=\"wp-block-media-text__media\"><img loading=\"lazy\" decoding=\"async\" width=\"945\" height=\"525\" src=\"http:\/\/info-ukt.unileoben.ac.at\/wp-content\/uploads\/2020\/04\/Stephan-Podcast-945x525.jpg\" alt=\"Stephan Podcast IU Industrielle Umweltschutz- und Verfahrenstechnik\" class=\"wp-image-1316 size-full\"\/><\/figure><div class=\"wp-block-media-text__content\">\n<figure class=\"wp-block-embed is-type-rich is-provider-spotify wp-block-embed-spotify wp-embed-aspect-21-9 wp-has-aspect-ratio\"><div class=\"wp-block-embed__wrapper\">\n<iframe title=\"Spotify Embed: Montan UKT Talk\" style=\"border-radius: 12px\" width=\"100%\" height=\"152\" frameborder=\"0\" allowfullscreen allow=\"autoplay; clipboard-write; encrypted-media; fullscreen; picture-in-picture\" loading=\"lazy\" src=\"https:\/\/open.spotify.com\/embed\/show\/0Z5Qhani2uaBN41MhKAKHg?si=rlTWg-KRQgC9uEkJ6Li8dw&#038;utm_source=oembed\"><\/iframe>\n<\/div><\/figure>\n\n\n\n<p><\/p>\n<\/div><\/div>\n\n\n\n<p><br><br><\/p>\n\n\n\n<p class=\"has-text-align-center\"><strong><em>\u201eDie Idee zum Podcast stammt von mir. Da ich an einigen Projekten als studentischer Mitarbeiter gearbeitet habe und gesehen habe, dass diese Themen nicht nur f\u00fcr Studenten interessant w\u00e4ren, sondern auch f\u00fcr die Allgemeinheit<\/em>.<\/strong><br><em><strong>Dieser Podcast hat die Zielsetzung, jeden dar\u00fcber zu informieren welche Projekte an der Uni gemacht werden und warum es wichtig ist, dass diese Projekte an der Uni bearbeitet werden.\u201c<\/strong><\/em><\/p>\n\n\n\n<p class=\"has-text-align-center\">&#8211; Stephan Lichtenegger<\/p>\n\n\n\n<p><br><br><\/p>\n\n\n\n<p>Den Podcast k\u00f6nnt ihr \u00fcber alle bekannten Streaming-Anbieter h\u00f6ren, inklusive Spotify, iTunes, <a href=\"https:\/\/www.podcast.de\/podcast\/770946\/\">Podcast.de<\/a>, <a href=\"https:\/\/tunein.com\/podcasts\/Education-Podcasts\/Der-Montan-IU-Talk-p1298665\/\">TuneIn<\/a>, <a href=\"https:\/\/www.deezer.com\/hu\/show\/900832\">Deezer<\/a> und <a href=\"https:\/\/www.listennotes.com\/podcasts\/der-montan-iu-talk-stephan-lichtenegger-fS94LR7h3iH\/\">Listen Notes<\/a>.<\/p>\n","protected":false},"excerpt":{"rendered":"<p>Der Montan IU Talk Alle zwei Wochen findet ihr in unserem Podcast Wissenswertes und Neues \u00fcber aktuelle Forschungsprojekte unseres Studiums und der Montanuniversit\u00e4t Leoben. Stephan Lichtenegger f\u00fchrt als Moderator durch den Talk und hat immer wieder interessante Gespr\u00e4chspartner vor dem Mikro, die aus der faszinierenden Welt der Industriellen Umweltschutz- und Verfahrenstechnik berichten. Reinh\u00f6ren lohnt sich! [&hellip;]<\/p>\n","protected":false},"author":1,"featured_media":0,"parent":0,"menu_order":0,"comment_status":"closed","ping_status":"closed","template":"","meta":{"episode_type":"","audio_file":"","podmotor_file_id":"","podmotor_episode_id":"","cover_image":"","cover_image_id":"","duration":"","filesize":"","filesize_raw":"","date_recorded":"","explicit":"","block":"","itunes_episode_number":"","itunes_title":"","itunes_season_number":"","itunes_episode_type":"","footnotes":""},"class_list":["post-1305","page","type-page","status-publish","hentry"],"yoast_head":"<!-- This site is optimized with the Yoast SEO plugin v27.5 - https:\/\/yoast.com\/product\/yoast-seo-wordpress\/ -->\n<title>Podcast - Studium Umwelt- und Klimaschutztechnik<\/title>\n<meta name=\"robots\" content=\"index, follow, max-snippet:-1, max-image-preview:large, max-video-preview:-1\" \/>\n<link rel=\"canonical\" href=\"https:\/\/info-ukt.unileoben.ac.at\/index.php\/podcast-2\/\" \/>\n<meta property=\"og:locale\" content=\"de_DE\" \/>\n<meta property=\"og:type\" content=\"article\" \/>\n<meta property=\"og:title\" content=\"Podcast - Studium Umwelt- und Klimaschutztechnik\" \/>\n<meta property=\"og:description\" content=\"Der Montan IU Talk Alle zwei Wochen findet ihr in unserem Podcast Wissenswertes und Neues \u00fcber aktuelle Forschungsprojekte unseres Studiums und der Montanuniversit\u00e4t Leoben. Stephan Lichtenegger f\u00fchrt als Moderator durch den Talk und hat immer wieder interessante Gespr\u00e4chspartner vor dem Mikro, die aus der faszinierenden Welt der Industriellen Umweltschutz- und Verfahrenstechnik berichten. Reinh\u00f6ren lohnt sich! [&hellip;]\" \/>\n<meta property=\"og:url\" content=\"https:\/\/info-ukt.unileoben.ac.at\/index.php\/podcast-2\/\" \/>\n<meta property=\"og:site_name\" content=\"Studium Umwelt- und Klimaschutztechnik\" \/>\n<meta property=\"article:modified_time\" content=\"2022-05-01T13:06:05+00:00\" \/>\n<meta property=\"og:image\" content=\"http:\/\/info-iu.unileoben.ac.at\/wp-content\/uploads\/2020\/04\/Stephan-Podcast-945x525.jpg\" \/>\n<meta name=\"twitter:card\" content=\"summary_large_image\" \/>\n<meta name=\"twitter:label1\" content=\"Gesch\u00e4tzte Lesezeit\" \/>\n\t<meta name=\"twitter:data1\" content=\"1\u00a0Minute\" \/>\n<script type=\"application\/ld+json\" class=\"yoast-schema-graph\">{\"@context\":\"https:\\\/\\\/schema.org\",\"@graph\":[{\"@type\":\"WebPage\",\"@id\":\"https:\\\/\\\/info-ukt.unileoben.ac.at\\\/index.php\\\/podcast-2\\\/\",\"url\":\"https:\\\/\\\/info-ukt.unileoben.ac.at\\\/index.php\\\/podcast-2\\\/\",\"name\":\"Podcast - Studium Umwelt- und Klimaschutztechnik\",\"isPartOf\":{\"@id\":\"https:\\\/\\\/info-ukt.unileoben.ac.at\\\/#website\"},\"primaryImageOfPage\":{\"@id\":\"https:\\\/\\\/info-ukt.unileoben.ac.at\\\/index.php\\\/podcast-2\\\/#primaryimage\"},\"image\":{\"@id\":\"https:\\\/\\\/info-ukt.unileoben.ac.at\\\/index.php\\\/podcast-2\\\/#primaryimage\"},\"thumbnailUrl\":\"http:\\\/\\\/info-ukt.unileoben.ac.at\\\/wp-content\\\/uploads\\\/2020\\\/04\\\/Stephan-Podcast-945x525.jpg\",\"datePublished\":\"2020-03-11T10:45:35+00:00\",\"dateModified\":\"2022-05-01T13:06:05+00:00\",\"breadcrumb\":{\"@id\":\"https:\\\/\\\/info-ukt.unileoben.ac.at\\\/index.php\\\/podcast-2\\\/#breadcrumb\"},\"inLanguage\":\"de\",\"potentialAction\":[{\"@type\":\"ReadAction\",\"target\":[\"https:\\\/\\\/info-ukt.unileoben.ac.at\\\/index.php\\\/podcast-2\\\/\"]}]},{\"@type\":\"ImageObject\",\"inLanguage\":\"de\",\"@id\":\"https:\\\/\\\/info-ukt.unileoben.ac.at\\\/index.php\\\/podcast-2\\\/#primaryimage\",\"url\":\"http:\\\/\\\/info-ukt.unileoben.ac.at\\\/wp-content\\\/uploads\\\/2020\\\/04\\\/Stephan-Podcast-945x525.jpg\",\"contentUrl\":\"http:\\\/\\\/info-ukt.unileoben.ac.at\\\/wp-content\\\/uploads\\\/2020\\\/04\\\/Stephan-Podcast-945x525.jpg\"},{\"@type\":\"BreadcrumbList\",\"@id\":\"https:\\\/\\\/info-ukt.unileoben.ac.at\\\/index.php\\\/podcast-2\\\/#breadcrumb\",\"itemListElement\":[{\"@type\":\"ListItem\",\"position\":1,\"name\":\"Startseite\",\"item\":\"https:\\\/\\\/info-ukt.unileoben.ac.at\\\/\"},{\"@type\":\"ListItem\",\"position\":2,\"name\":\"Podcast\"}]},{\"@type\":\"WebSite\",\"@id\":\"https:\\\/\\\/info-ukt.unileoben.ac.at\\\/#website\",\"url\":\"https:\\\/\\\/info-ukt.unileoben.ac.at\\\/\",\"name\":\"Studium Umwelt- und Klimaschutztechnik\",\"description\":\"\",\"publisher\":{\"@id\":\"https:\\\/\\\/info-ukt.unileoben.ac.at\\\/#organization\"},\"potentialAction\":[{\"@type\":\"SearchAction\",\"target\":{\"@type\":\"EntryPoint\",\"urlTemplate\":\"https:\\\/\\\/info-ukt.unileoben.ac.at\\\/?s={search_term_string}\"},\"query-input\":{\"@type\":\"PropertyValueSpecification\",\"valueRequired\":true,\"valueName\":\"search_term_string\"}}],\"inLanguage\":\"de\"},{\"@type\":\"Organization\",\"@id\":\"https:\\\/\\\/info-ukt.unileoben.ac.at\\\/#organization\",\"name\":\"Umwelt- und Klimaschutztechnik\",\"url\":\"https:\\\/\\\/info-ukt.unileoben.ac.at\\\/\",\"logo\":{\"@type\":\"ImageObject\",\"inLanguage\":\"de\",\"@id\":\"https:\\\/\\\/info-ukt.unileoben.ac.at\\\/#\\\/schema\\\/logo\\\/image\\\/\",\"url\":\"https:\\\/\\\/info-iu.unileoben.ac.at\\\/wp-content\\\/uploads\\\/2022\\\/08\\\/Logo-UKT-RICHTIG.jpg\",\"contentUrl\":\"https:\\\/\\\/info-iu.unileoben.ac.at\\\/wp-content\\\/uploads\\\/2022\\\/08\\\/Logo-UKT-RICHTIG.jpg\",\"width\":1500,\"height\":1500,\"caption\":\"Umwelt- und Klimaschutztechnik\"},\"image\":{\"@id\":\"https:\\\/\\\/info-ukt.unileoben.ac.at\\\/#\\\/schema\\\/logo\\\/image\\\/\"}}]}<\/script>\n<!-- \/ Yoast SEO plugin. -->","yoast_head_json":{"title":"Podcast - Studium Umwelt- und Klimaschutztechnik","robots":{"index":"index","follow":"follow","max-snippet":"max-snippet:-1","max-image-preview":"max-image-preview:large","max-video-preview":"max-video-preview:-1"},"canonical":"https:\/\/info-ukt.unileoben.ac.at\/index.php\/podcast-2\/","og_locale":"de_DE","og_type":"article","og_title":"Podcast - Studium Umwelt- und Klimaschutztechnik","og_description":"Der Montan IU Talk Alle zwei Wochen findet ihr in unserem Podcast Wissenswertes und Neues \u00fcber aktuelle Forschungsprojekte unseres Studiums und der Montanuniversit\u00e4t Leoben. Stephan Lichtenegger f\u00fchrt als Moderator durch den Talk und hat immer wieder interessante Gespr\u00e4chspartner vor dem Mikro, die aus der faszinierenden Welt der Industriellen Umweltschutz- und Verfahrenstechnik berichten. Reinh\u00f6ren lohnt sich! [&hellip;]","og_url":"https:\/\/info-ukt.unileoben.ac.at\/index.php\/podcast-2\/","og_site_name":"Studium Umwelt- und Klimaschutztechnik","article_modified_time":"2022-05-01T13:06:05+00:00","og_image":[{"url":"http:\/\/info-iu.unileoben.ac.at\/wp-content\/uploads\/2020\/04\/Stephan-Podcast-945x525.jpg","type":"","width":"","height":""}],"twitter_card":"summary_large_image","twitter_misc":{"Gesch\u00e4tzte Lesezeit":"1\u00a0Minute"},"schema":{"@context":"https:\/\/schema.org","@graph":[{"@type":"WebPage","@id":"https:\/\/info-ukt.unileoben.ac.at\/index.php\/podcast-2\/","url":"https:\/\/info-ukt.unileoben.ac.at\/index.php\/podcast-2\/","name":"Podcast - Studium Umwelt- und Klimaschutztechnik","isPartOf":{"@id":"https:\/\/info-ukt.unileoben.ac.at\/#website"},"primaryImageOfPage":{"@id":"https:\/\/info-ukt.unileoben.ac.at\/index.php\/podcast-2\/#primaryimage"},"image":{"@id":"https:\/\/info-ukt.unileoben.ac.at\/index.php\/podcast-2\/#primaryimage"},"thumbnailUrl":"http:\/\/info-ukt.unileoben.ac.at\/wp-content\/uploads\/2020\/04\/Stephan-Podcast-945x525.jpg","datePublished":"2020-03-11T10:45:35+00:00","dateModified":"2022-05-01T13:06:05+00:00","breadcrumb":{"@id":"https:\/\/info-ukt.unileoben.ac.at\/index.php\/podcast-2\/#breadcrumb"},"inLanguage":"de","potentialAction":[{"@type":"ReadAction","target":["https:\/\/info-ukt.unileoben.ac.at\/index.php\/podcast-2\/"]}]},{"@type":"ImageObject","inLanguage":"de","@id":"https:\/\/info-ukt.unileoben.ac.at\/index.php\/podcast-2\/#primaryimage","url":"http:\/\/info-ukt.unileoben.ac.at\/wp-content\/uploads\/2020\/04\/Stephan-Podcast-945x525.jpg","contentUrl":"http:\/\/info-ukt.unileoben.ac.at\/wp-content\/uploads\/2020\/04\/Stephan-Podcast-945x525.jpg"},{"@type":"BreadcrumbList","@id":"https:\/\/info-ukt.unileoben.ac.at\/index.php\/podcast-2\/#breadcrumb","itemListElement":[{"@type":"ListItem","position":1,"name":"Startseite","item":"https:\/\/info-ukt.unileoben.ac.at\/"},{"@type":"ListItem","position":2,"name":"Podcast"}]},{"@type":"WebSite","@id":"https:\/\/info-ukt.unileoben.ac.at\/#website","url":"https:\/\/info-ukt.unileoben.ac.at\/","name":"Studium Umwelt- und Klimaschutztechnik","description":"","publisher":{"@id":"https:\/\/info-ukt.unileoben.ac.at\/#organization"},"potentialAction":[{"@type":"SearchAction","target":{"@type":"EntryPoint","urlTemplate":"https:\/\/info-ukt.unileoben.ac.at\/?s={search_term_string}"},"query-input":{"@type":"PropertyValueSpecification","valueRequired":true,"valueName":"search_term_string"}}],"inLanguage":"de"},{"@type":"Organization","@id":"https:\/\/info-ukt.unileoben.ac.at\/#organization","name":"Umwelt- und Klimaschutztechnik","url":"https:\/\/info-ukt.unileoben.ac.at\/","logo":{"@type":"ImageObject","inLanguage":"de","@id":"https:\/\/info-ukt.unileoben.ac.at\/#\/schema\/logo\/image\/","url":"https:\/\/info-iu.unileoben.ac.at\/wp-content\/uploads\/2022\/08\/Logo-UKT-RICHTIG.jpg","contentUrl":"https:\/\/info-iu.unileoben.ac.at\/wp-content\/uploads\/2022\/08\/Logo-UKT-RICHTIG.jpg","width":1500,"height":1500,"caption":"Umwelt- und Klimaschutztechnik"},"image":{"@id":"https:\/\/info-ukt.unileoben.ac.at\/#\/schema\/logo\/image\/"}}]}},"_links":{"self":[{"href":"https:\/\/info-ukt.unileoben.ac.at\/index.php\/wp-json\/wp\/v2\/pages\/1305","targetHints":{"allow":["GET"]}}],"collection":[{"href":"https:\/\/info-ukt.unileoben.ac.at\/index.php\/wp-json\/wp\/v2\/pages"}],"about":[{"href":"https:\/\/info-ukt.unileoben.ac.at\/index.php\/wp-json\/wp\/v2\/types\/page"}],"author":[{"embeddable":true,"href":"https:\/\/info-ukt.unileoben.ac.at\/index.php\/wp-json\/wp\/v2\/users\/1"}],"replies":[{"embeddable":true,"href":"https:\/\/info-ukt.unileoben.ac.at\/index.php\/wp-json\/wp\/v2\/comments?post=1305"}],"version-history":[{"count":4,"href":"https:\/\/info-ukt.unileoben.ac.at\/index.php\/wp-json\/wp\/v2\/pages\/1305\/revisions"}],"predecessor-version":[{"id":1412,"href":"https:\/\/info-ukt.unileoben.ac.at\/index.php\/wp-json\/wp\/v2\/pages\/1305\/revisions\/1412"}],"wp:attachment":[{"href":"https:\/\/info-ukt.unileoben.ac.at\/index.php\/wp-json\/wp\/v2\/media?parent=1305"}],"curies":[{"name":"wp","href":"https:\/\/api.w.org\/{rel}","templated":true}]}}