{"id":1239,"date":"2020-01-27T14:54:04","date_gmt":"2020-01-27T13:54:04","guid":{"rendered":"http:\/\/info-ukt.unileoben.ac.at\/?page_id=1239"},"modified":"2020-01-27T14:54:06","modified_gmt":"2020-01-27T13:54:06","slug":"impressum","status":"publish","type":"page","link":"https:\/\/info-ukt.unileoben.ac.at\/index.php\/impressum\/","title":{"rendered":"Impressum"},"content":{"rendered":"\n<h2 class=\"wp-block-heading\">Impressum<\/h2>\n\n\n\n<p>Montanuniversit\u00e4t Leoben<\/p>\n\n\n\n<p>Lehrstuhl f\u00fcr Verfahrenstechnik&nbsp; des industriellen Umweltschutzes und<\/p>\n\n\n\n<p>Lehrstuhl f\u00fcr Abfallverwertungstechnik und Abfallwirtschaft<\/p>\n\n\n\n<p>Franz-Josef-Stra\u00dfe 18<\/p>\n\n\n\n<p>A- 8700 Leoben<\/p>\n\n\n\n<p>Tel.: +43 3842 402 5001 oder 5101<\/p>\n\n\n\n<p>Fax.: +43 3842&nbsp; 402 5002 oder 5102<\/p>\n\n\n\n<p><a href=\"mailto:vtiu@unileoben.ac.at\">vtiu@unileoben.ac.at<\/a><\/p>\n\n\n\n<p><a href=\"mailto:avaw@unileoben.ac.at\">avaw@unileoben.ac.at<\/a><\/p>\n\n\n\n<p>DVR-Nr.: 0056677<\/p>\n\n\n\n<p>UID: ATU57480504<\/p>\n\n\n\n<h4 class=\"wp-block-heading\">Rechtsform<\/h4>\n\n\n\n<p>Juristische Person \u00f6ffentlichen Rechts gem. \u00a74 Universit\u00e4tsgesetz 2002.<\/p>\n\n\n\n<h4 class=\"wp-block-heading\">Unternehmensgegenstand<\/h4>\n\n\n\n<p>gem. Aufgabendefinition in \u00a73 Universit\u00e4tsgesetz 2002.<\/p>\n\n\n\n<h4 class=\"wp-block-heading\">Inhaltliche und redaktionelle Verantwortung<\/h4>\n\n\n\n<p>Medieninhaber und Herausgeber f\u00fcr die Webseite \nist die Montanuniversit\u00e4t Leoben Lehrstuhl f\u00fcr Verfahrenstechnik des \nindustriellen Umweltschutzes und Lehrstuhl f\u00fcr Abfallverwertungstechnik \nund Abfallwirtschaft.<\/p>\n\n\n\n<h4 class=\"wp-block-heading\">Haftung<\/h4>\n\n\n\n<p>Die ver\u00f6ffentlichten Texte und Bilder auf dieser \nWebsite wurden sorgf\u00e4ltig ausgew\u00e4hlt und gepr\u00fcft. Es kann dennoch keine \nGarantie f\u00fcr die Richtigkeit, Vollst\u00e4ndigkeit und Aktualit\u00e4t der Angaben\n \u00fcbernommen werden. Eine Haftung der MU-Leoben wird daher \nausgeschlossen. Weiters distanziert sich die Montanuniversit\u00e4t Leoben \nund die Autoren der Web Sites ausdr\u00fccklich von den Inhalten aller \nanderen Web Pages, Bilder und sonstigen Informationen, die von der \neigenen Seite aus \u00fcber Hyperlinks direkt oder indirekt erreichbar sind.<\/p>\n\n\n\n<h4 class=\"wp-block-heading\">Grundlegende Richtung<\/h4>\n\n\n\n<p>Information der \u00d6ffentlichkeit \u00fcber Angelegenheiten der Montanuniversit\u00e4t.<\/p>\n","protected":false},"excerpt":{"rendered":"<p>Impressum Montanuniversit\u00e4t Leoben Lehrstuhl f\u00fcr Verfahrenstechnik&nbsp; des industriellen Umweltschutzes und Lehrstuhl f\u00fcr Abfallverwertungstechnik und Abfallwirtschaft Franz-Josef-Stra\u00dfe 18 A- 8700 Leoben Tel.: +43 3842 402 5001 oder 5101 Fax.: +43 3842&nbsp; 402 5002 oder 5102 vtiu@unileoben.ac.at avaw@unileoben.ac.at DVR-Nr.: 0056677 UID: ATU57480504 Rechtsform Juristische Person \u00f6ffentlichen Rechts gem. \u00a74 Universit\u00e4tsgesetz 2002. Unternehmensgegenstand gem. Aufgabendefinition in \u00a73 Universit\u00e4tsgesetz [&hellip;]<\/p>\n","protected":false},"author":1,"featured_media":0,"parent":0,"menu_order":0,"comment_status":"closed","ping_status":"closed","template":"","meta":{"episode_type":"","audio_file":"","podmotor_file_id":"","podmotor_episode_id":"","cover_image":"","cover_image_id":"","duration":"","filesize":"","filesize_raw":"","date_recorded":"","explicit":"","block":"","itunes_episode_number":"","itunes_title":"","itunes_season_number":"","itunes_episode_type":"","footnotes":""},"class_list":["post-1239","page","type-page","status-publish","hentry"],"yoast_head":"<!-- This site is optimized with the Yoast SEO plugin v27.5 - https:\/\/yoast.com\/product\/yoast-seo-wordpress\/ -->\n<title>Impressum - Studium Umwelt- und Klimaschutztechnik<\/title>\n<meta name=\"description\" content=\"Das Impressum des Studiums Industrielle Umweltschutz- und Verfahrenstechnik an der Montanuniversit\u00e4t Leoben.\" \/>\n<meta name=\"robots\" content=\"index, follow, max-snippet:-1, max-image-preview:large, max-video-preview:-1\" \/>\n<link rel=\"canonical\" href=\"https:\/\/info-ukt.unileoben.ac.at\/index.php\/impressum\/\" \/>\n<meta property=\"og:locale\" content=\"de_DE\" \/>\n<meta property=\"og:type\" content=\"article\" \/>\n<meta property=\"og:title\" content=\"Impressum - Studium Umwelt- und Klimaschutztechnik\" \/>\n<meta property=\"og:description\" content=\"Das Impressum des Studiums Industrielle Umweltschutz- und Verfahrenstechnik an der Montanuniversit\u00e4t Leoben.\" \/>\n<meta property=\"og:url\" content=\"https:\/\/info-ukt.unileoben.ac.at\/index.php\/impressum\/\" \/>\n<meta property=\"og:site_name\" content=\"Studium Umwelt- und Klimaschutztechnik\" \/>\n<meta property=\"article:modified_time\" content=\"2020-01-27T13:54:06+00:00\" \/>\n<meta name=\"twitter:card\" content=\"summary_large_image\" \/>\n<meta name=\"twitter:label1\" content=\"Gesch\u00e4tzte Lesezeit\" \/>\n\t<meta name=\"twitter:data1\" content=\"1\u00a0Minute\" \/>\n<script type=\"application\/ld+json\" class=\"yoast-schema-graph\">{\"@context\":\"https:\\\/\\\/schema.org\",\"@graph\":[{\"@type\":\"WebPage\",\"@id\":\"https:\\\/\\\/info-ukt.unileoben.ac.at\\\/index.php\\\/impressum\\\/\",\"url\":\"https:\\\/\\\/info-ukt.unileoben.ac.at\\\/index.php\\\/impressum\\\/\",\"name\":\"Impressum - Studium Umwelt- und Klimaschutztechnik\",\"isPartOf\":{\"@id\":\"https:\\\/\\\/info-ukt.unileoben.ac.at\\\/#website\"},\"datePublished\":\"2020-01-27T13:54:04+00:00\",\"dateModified\":\"2020-01-27T13:54:06+00:00\",\"description\":\"Das Impressum des Studiums Industrielle Umweltschutz- und Verfahrenstechnik an der Montanuniversit\u00e4t Leoben.\",\"breadcrumb\":{\"@id\":\"https:\\\/\\\/info-ukt.unileoben.ac.at\\\/index.php\\\/impressum\\\/#breadcrumb\"},\"inLanguage\":\"de\",\"potentialAction\":[{\"@type\":\"ReadAction\",\"target\":[\"https:\\\/\\\/info-ukt.unileoben.ac.at\\\/index.php\\\/impressum\\\/\"]}]},{\"@type\":\"BreadcrumbList\",\"@id\":\"https:\\\/\\\/info-ukt.unileoben.ac.at\\\/index.php\\\/impressum\\\/#breadcrumb\",\"itemListElement\":[{\"@type\":\"ListItem\",\"position\":1,\"name\":\"Startseite\",\"item\":\"https:\\\/\\\/info-ukt.unileoben.ac.at\\\/\"},{\"@type\":\"ListItem\",\"position\":2,\"name\":\"Impressum\"}]},{\"@type\":\"WebSite\",\"@id\":\"https:\\\/\\\/info-ukt.unileoben.ac.at\\\/#website\",\"url\":\"https:\\\/\\\/info-ukt.unileoben.ac.at\\\/\",\"name\":\"Studium Umwelt- und Klimaschutztechnik\",\"description\":\"\",\"publisher\":{\"@id\":\"https:\\\/\\\/info-ukt.unileoben.ac.at\\\/#organization\"},\"potentialAction\":[{\"@type\":\"SearchAction\",\"target\":{\"@type\":\"EntryPoint\",\"urlTemplate\":\"https:\\\/\\\/info-ukt.unileoben.ac.at\\\/?s={search_term_string}\"},\"query-input\":{\"@type\":\"PropertyValueSpecification\",\"valueRequired\":true,\"valueName\":\"search_term_string\"}}],\"inLanguage\":\"de\"},{\"@type\":\"Organization\",\"@id\":\"https:\\\/\\\/info-ukt.unileoben.ac.at\\\/#organization\",\"name\":\"Umwelt- und Klimaschutztechnik\",\"url\":\"https:\\\/\\\/info-ukt.unileoben.ac.at\\\/\",\"logo\":{\"@type\":\"ImageObject\",\"inLanguage\":\"de\",\"@id\":\"https:\\\/\\\/info-ukt.unileoben.ac.at\\\/#\\\/schema\\\/logo\\\/image\\\/\",\"url\":\"https:\\\/\\\/info-iu.unileoben.ac.at\\\/wp-content\\\/uploads\\\/2022\\\/08\\\/Logo-UKT-RICHTIG.jpg\",\"contentUrl\":\"https:\\\/\\\/info-iu.unileoben.ac.at\\\/wp-content\\\/uploads\\\/2022\\\/08\\\/Logo-UKT-RICHTIG.jpg\",\"width\":1500,\"height\":1500,\"caption\":\"Umwelt- und Klimaschutztechnik\"},\"image\":{\"@id\":\"https:\\\/\\\/info-ukt.unileoben.ac.at\\\/#\\\/schema\\\/logo\\\/image\\\/\"}}]}<\/script>\n<!-- \/ Yoast SEO plugin. -->","yoast_head_json":{"title":"Impressum - Studium Umwelt- und Klimaschutztechnik","description":"Das Impressum des Studiums Industrielle Umweltschutz- und Verfahrenstechnik an der Montanuniversit\u00e4t Leoben.","robots":{"index":"index","follow":"follow","max-snippet":"max-snippet:-1","max-image-preview":"max-image-preview:large","max-video-preview":"max-video-preview:-1"},"canonical":"https:\/\/info-ukt.unileoben.ac.at\/index.php\/impressum\/","og_locale":"de_DE","og_type":"article","og_title":"Impressum - Studium Umwelt- und Klimaschutztechnik","og_description":"Das Impressum des Studiums Industrielle Umweltschutz- und Verfahrenstechnik an der Montanuniversit\u00e4t Leoben.","og_url":"https:\/\/info-ukt.unileoben.ac.at\/index.php\/impressum\/","og_site_name":"Studium Umwelt- und Klimaschutztechnik","article_modified_time":"2020-01-27T13:54:06+00:00","twitter_card":"summary_large_image","twitter_misc":{"Gesch\u00e4tzte Lesezeit":"1\u00a0Minute"},"schema":{"@context":"https:\/\/schema.org","@graph":[{"@type":"WebPage","@id":"https:\/\/info-ukt.unileoben.ac.at\/index.php\/impressum\/","url":"https:\/\/info-ukt.unileoben.ac.at\/index.php\/impressum\/","name":"Impressum - Studium Umwelt- und Klimaschutztechnik","isPartOf":{"@id":"https:\/\/info-ukt.unileoben.ac.at\/#website"},"datePublished":"2020-01-27T13:54:04+00:00","dateModified":"2020-01-27T13:54:06+00:00","description":"Das Impressum des Studiums Industrielle Umweltschutz- und Verfahrenstechnik an der Montanuniversit\u00e4t Leoben.","breadcrumb":{"@id":"https:\/\/info-ukt.unileoben.ac.at\/index.php\/impressum\/#breadcrumb"},"inLanguage":"de","potentialAction":[{"@type":"ReadAction","target":["https:\/\/info-ukt.unileoben.ac.at\/index.php\/impressum\/"]}]},{"@type":"BreadcrumbList","@id":"https:\/\/info-ukt.unileoben.ac.at\/index.php\/impressum\/#breadcrumb","itemListElement":[{"@type":"ListItem","position":1,"name":"Startseite","item":"https:\/\/info-ukt.unileoben.ac.at\/"},{"@type":"ListItem","position":2,"name":"Impressum"}]},{"@type":"WebSite","@id":"https:\/\/info-ukt.unileoben.ac.at\/#website","url":"https:\/\/info-ukt.unileoben.ac.at\/","name":"Studium Umwelt- und Klimaschutztechnik","description":"","publisher":{"@id":"https:\/\/info-ukt.unileoben.ac.at\/#organization"},"potentialAction":[{"@type":"SearchAction","target":{"@type":"EntryPoint","urlTemplate":"https:\/\/info-ukt.unileoben.ac.at\/?s={search_term_string}"},"query-input":{"@type":"PropertyValueSpecification","valueRequired":true,"valueName":"search_term_string"}}],"inLanguage":"de"},{"@type":"Organization","@id":"https:\/\/info-ukt.unileoben.ac.at\/#organization","name":"Umwelt- und Klimaschutztechnik","url":"https:\/\/info-ukt.unileoben.ac.at\/","logo":{"@type":"ImageObject","inLanguage":"de","@id":"https:\/\/info-ukt.unileoben.ac.at\/#\/schema\/logo\/image\/","url":"https:\/\/info-iu.unileoben.ac.at\/wp-content\/uploads\/2022\/08\/Logo-UKT-RICHTIG.jpg","contentUrl":"https:\/\/info-iu.unileoben.ac.at\/wp-content\/uploads\/2022\/08\/Logo-UKT-RICHTIG.jpg","width":1500,"height":1500,"caption":"Umwelt- und Klimaschutztechnik"},"image":{"@id":"https:\/\/info-ukt.unileoben.ac.at\/#\/schema\/logo\/image\/"}}]}},"_links":{"self":[{"href":"https:\/\/info-ukt.unileoben.ac.at\/index.php\/wp-json\/wp\/v2\/pages\/1239","targetHints":{"allow":["GET"]}}],"collection":[{"href":"https:\/\/info-ukt.unileoben.ac.at\/index.php\/wp-json\/wp\/v2\/pages"}],"about":[{"href":"https:\/\/info-ukt.unileoben.ac.at\/index.php\/wp-json\/wp\/v2\/types\/page"}],"author":[{"embeddable":true,"href":"https:\/\/info-ukt.unileoben.ac.at\/index.php\/wp-json\/wp\/v2\/users\/1"}],"replies":[{"embeddable":true,"href":"https:\/\/info-ukt.unileoben.ac.at\/index.php\/wp-json\/wp\/v2\/comments?post=1239"}],"version-history":[{"count":2,"href":"https:\/\/info-ukt.unileoben.ac.at\/index.php\/wp-json\/wp\/v2\/pages\/1239\/revisions"}],"predecessor-version":[{"id":1241,"href":"https:\/\/info-ukt.unileoben.ac.at\/index.php\/wp-json\/wp\/v2\/pages\/1239\/revisions\/1241"}],"wp:attachment":[{"href":"https:\/\/info-ukt.unileoben.ac.at\/index.php\/wp-json\/wp\/v2\/media?parent=1239"}],"curies":[{"name":"wp","href":"https:\/\/api.w.org\/{rel}","templated":true}]}}